{"id":204,"date":"2019-08-16T16:37:11","date_gmt":"2019-08-16T16:37:11","guid":{"rendered":"http:\/\/sanchezartista.com\/?page_id=204"},"modified":"2019-08-17T20:52:07","modified_gmt":"2019-08-17T20:52:07","slug":"biografia","status":"publish","type":"page","link":"http:\/\/sanchezartista.com\/?page_id=204","title":{"rendered":"Biograf\u00eda"},"content":{"rendered":"\n<p>&nbsp;&nbsp;&nbsp;&nbsp;&nbsp;&nbsp;&nbsp; <\/p>\n\n\n\n<p><\/p>\n\n\n\n<p>A. S\u00e1nchez Pe\u00f1alba, naci\u00f3 en Valencia, el d\u00eda 7 de agosto de 1.941, en  el barrio de Ruzafa. Es hijo de Angel S\u00e1nchez Mart\u00ednez natural de Molina  del Segura (Murcia) y de Pr\u00e1xedes Pe\u00f1alba Garc\u00eda nacida en la Font de  la Figuera (Valencia). Curs\u00f3 sus estudios b\u00e1sicos en las Escuelas de  Teodoro Llorente, Beato Juan de Ribera y posteriormente en la Escuela de  Peritos Industriales de Valencia. Realiz\u00f3 varios cursos y estudios  relacionados con la direcci\u00f3n de empresas de actividades tur\u00edsticas, con  la mediaci\u00f3n de seguros y con la gerencia de riesgos.  Desde temprana  edad, sinti\u00f3 fuerte atracci\u00f3n por el dibujo y la pintura, manifestando  su creatividad art\u00edstica en todas las actividades que ha realizado a lo  largo de su dilatada vida laboral y profesional.  &nbsp;  <\/p>\n\n\n\n<p>Formaci\u00f3n art\u00edstica<\/p>\n\n\n\n<p>Desde 1.955 hasta 1.965, curs\u00f3 estudios de dibujo, pintura y modelado en la Obra Sindical &#8211; Escuela de Formaci\u00f3n Profesional Ram\u00f3n Contreras de Valencia, bajo la direcci\u00f3n art\u00edstica de profesores tan cualificados como D. Santiago Carrilero y D. Benjam\u00edn Suria en dibujo art\u00edstico ; D. &nbsp;&nbsp;&nbsp;&nbsp;&nbsp; Franc\u00e9s y D. Miguel Mart\u00ed Ferre en pintura, y D. Jos\u00e9 Esteve Edo en modelado.<\/p>\n\n\n\n<p>En 1.965 ingres\u00f3 en la Escuela Superior de Bellas Artes \u2013 San Carlos de Valencia, en la que aprob\u00f3 el curso de preparatorio.<\/p>\n\n\n\n<p>Con posterioridad ha cursado estudios y realizado pr\u00e1cticas en el Centro Social Trafalgar en el que tambi\u00e9n ha ejercido de profesor de dibujo. Y tambi\u00e9n en el Centro Social Arrancapinos de Valencia<\/p>\n\n\n\n<p>\u00ad Exposiciones :<\/p>\n\n\n\n<p>En 1.965, entre los d\u00edas 1 al 11 de abril, realiz\u00f3 su primera exposici\u00f3n pict\u00f3rica en el Ateneo Mar\u00edtimo de Valencia, en el que expuso 30 \u00f3leos de paisajes riojanos, valencianos y naturalezas muertas.<\/p>\n\n\n\n<p>En el a\u00f1o 2.007, junto a los alumnos del Taller de Pintura del Centro Social Trafalgar, promueve y participa con 5 obras en una exposici\u00f3n colectiva que bajo el t\u00edtulo \u201cNoveles Ilusionados\u201d se realiza en la Sala de Exposiciones de la CAM de Torrent entre los d\u00edas 21 de mayo al 7 de junio.<\/p>\n\n\n\n<p>En el a\u00f1o 2016, junto a los alumnos del Taller de Pintura del Centro Social Arrancapinos, participa con 2 obras en la Exposici\u00f3n colectiva que se realiza en las instalaciones del Centro Social.<\/p>\n\n\n\n<p>En el a\u00f1o 2016, del 2 al 31 de diciembre, junto a Rodolfo Perales Villanueva, expone 30 obras en la Sala Carolina de Valencia (Fundaci\u00f3n Carolina Torres Palero),<\/p>\n\n\n\n<p>En el a\u00f1o 2017, del 15 al 26 de febrero, junto a los artistas Jos\u00e9 C\u00f3zar, Melchor Zapata, de Miguel Alc\u00e1ntara y Juli\u00e1n C\u00e9sar S\u00e1nchez, participa en la Exposici\u00f3n Colectiva de Pintura con 15 de sus obras, en la Sala de Exposiciones de la Junta Municipal Ciutat Vella de Valencia. <\/p>\n\n\n\n<p>La mayor parte de sus trabajos art\u00edsticos han sido vendidos directamente por A.S\u00e1nchez, siendo las Exposiciones para \u00e9l \u00fanicamente una v\u00eda adicional o complementaria de dar a conocer su obra a otros p\u00fablicos amantes del arte, pero no ha supuesto nunca una forma de comercializaci\u00f3n de sus cuadros.<\/p>\n\n\n\n<div class=\"wp-block-image\"><figure class=\"aligncenter\"><img loading=\"lazy\" decoding=\"async\" width=\"500\" height=\"633\" src=\"http:\/\/sanchezartista.com\/wp-content\/uploads\/2019\/08\/Angel-con-cuadro-p-1.jpg\" alt=\"\" class=\"wp-image-20\" srcset=\"http:\/\/sanchezartista.com\/wp-content\/uploads\/2019\/08\/Angel-con-cuadro-p-1.jpg 500w, http:\/\/sanchezartista.com\/wp-content\/uploads\/2019\/08\/Angel-con-cuadro-p-1-237x300.jpg 237w\" sizes=\"auto, (max-width: 500px) 100vw, 500px\" \/><\/figure><\/div>\n\n\n\n<div class=\"wp-block-image\"><figure class=\"aligncenter\"><img loading=\"lazy\" decoding=\"async\" width=\"248\" height=\"400\" src=\"http:\/\/sanchezartista.com\/wp-content\/uploads\/2019\/08\/caballetep-1.png\" alt=\"\" class=\"wp-image-24\" srcset=\"http:\/\/sanchezartista.com\/wp-content\/uploads\/2019\/08\/caballetep-1.png 248w, http:\/\/sanchezartista.com\/wp-content\/uploads\/2019\/08\/caballetep-1-186x300.png 186w\" sizes=\"auto, (max-width: 248px) 100vw, 248px\" \/><\/figure><\/div>\n","protected":false},"excerpt":{"rendered":"<p>&nbsp;&nbsp;&nbsp;&nbsp;&nbsp;&nbsp;&nbsp; A. S\u00e1nchez Pe\u00f1alba, naci\u00f3 en Valencia, el d\u00eda 7 de agosto de 1.941, en el barrio de Ruzafa. Es hijo de Angel S\u00e1nchez Mart\u00ednez natural de Molina del Segura&hellip; <\/p>\n","protected":false},"author":1,"featured_media":0,"parent":0,"menu_order":0,"comment_status":"closed","ping_status":"closed","template":"","meta":{"footnotes":"","_links_to":"","_links_to_target":""},"class_list":["post-204","page","type-page","status-publish","hentry"],"yoast_head":"<!-- This site is optimized with the Yoast SEO plugin v27.4 - https:\/\/yoast.com\/product\/yoast-seo-wordpress\/ -->\n<title>Biograf\u00eda - S\u00e1nchez Artista %<\/title>\n<meta name=\"description\" content=\"A. S\u00e1nchez Pe\u00f1alba, naci\u00f3 en Valencia, el d\u00eda 7 de agosto de 1.941, en el barrio de Ruzafa. Es hijo de Angel S\u00e1nchez Mart\u00ednez natural de Molina del Segura (Murcia) y de Pr\u00e1xedes Pe\u00f1alba Garc\u00eda nacida en la Font de la Figuera (Valencia).\" \/>\n<meta name=\"robots\" content=\"index, follow, max-snippet:-1, max-image-preview:large, max-video-preview:-1\" \/>\n<link rel=\"canonical\" href=\"http:\/\/sanchezartista.com\/?page_id=204\" \/>\n<meta property=\"og:locale\" content=\"es_ES\" \/>\n<meta property=\"og:type\" content=\"article\" \/>\n<meta property=\"og:title\" content=\"Biograf\u00eda - S\u00e1nchez Artista %\" \/>\n<meta property=\"og:description\" content=\"A. S\u00e1nchez Pe\u00f1alba, naci\u00f3 en Valencia, el d\u00eda 7 de agosto de 1.941, en el barrio de Ruzafa. Es hijo de Angel S\u00e1nchez Mart\u00ednez natural de Molina del Segura (Murcia) y de Pr\u00e1xedes Pe\u00f1alba Garc\u00eda nacida en la Font de la Figuera (Valencia).\" \/>\n<meta property=\"og:url\" content=\"http:\/\/sanchezartista.com\/?page_id=204\" \/>\n<meta property=\"og:site_name\" content=\"S\u00e1nchez Artista\" \/>\n<meta property=\"article:modified_time\" content=\"2019-08-17T20:52:07+00:00\" \/>\n<meta property=\"og:image\" content=\"http:\/\/sanchezartista.com\/wp-content\/uploads\/2019\/08\/Angel-con-cuadro-p-1.jpg\" \/>\n<meta name=\"twitter:card\" content=\"summary_large_image\" \/>\n<meta name=\"twitter:label1\" content=\"Tiempo de lectura\" \/>\n\t<meta name=\"twitter:data1\" content=\"3 minutos\" \/>\n<script type=\"application\/ld+json\" class=\"yoast-schema-graph\">{\"@context\":\"https:\\\/\\\/schema.org\",\"@graph\":[{\"@type\":\"WebPage\",\"@id\":\"http:\\\/\\\/sanchezartista.com\\\/?page_id=204\",\"url\":\"http:\\\/\\\/sanchezartista.com\\\/?page_id=204\",\"name\":\"Biograf\u00eda - S\u00e1nchez Artista %\",\"isPartOf\":{\"@id\":\"http:\\\/\\\/sanchezartista.com\\\/#website\"},\"primaryImageOfPage\":{\"@id\":\"http:\\\/\\\/sanchezartista.com\\\/?page_id=204#primaryimage\"},\"image\":{\"@id\":\"http:\\\/\\\/sanchezartista.com\\\/?page_id=204#primaryimage\"},\"thumbnailUrl\":\"http:\\\/\\\/sanchezartista.com\\\/wp-content\\\/uploads\\\/2019\\\/08\\\/Angel-con-cuadro-p-1.jpg\",\"datePublished\":\"2019-08-16T16:37:11+00:00\",\"dateModified\":\"2019-08-17T20:52:07+00:00\",\"description\":\"A. S\u00e1nchez Pe\u00f1alba, naci\u00f3 en Valencia, el d\u00eda 7 de agosto de 1.941, en el barrio de Ruzafa. Es hijo de Angel S\u00e1nchez Mart\u00ednez natural de Molina del Segura (Murcia) y de Pr\u00e1xedes Pe\u00f1alba Garc\u00eda nacida en la Font de la Figuera (Valencia).\",\"breadcrumb\":{\"@id\":\"http:\\\/\\\/sanchezartista.com\\\/?page_id=204#breadcrumb\"},\"inLanguage\":\"es\",\"potentialAction\":[{\"@type\":\"ReadAction\",\"target\":[\"http:\\\/\\\/sanchezartista.com\\\/?page_id=204\"]}]},{\"@type\":\"ImageObject\",\"inLanguage\":\"es\",\"@id\":\"http:\\\/\\\/sanchezartista.com\\\/?page_id=204#primaryimage\",\"url\":\"http:\\\/\\\/sanchezartista.com\\\/wp-content\\\/uploads\\\/2019\\\/08\\\/Angel-con-cuadro-p-1.jpg\",\"contentUrl\":\"http:\\\/\\\/sanchezartista.com\\\/wp-content\\\/uploads\\\/2019\\\/08\\\/Angel-con-cuadro-p-1.jpg\",\"width\":500,\"height\":633},{\"@type\":\"BreadcrumbList\",\"@id\":\"http:\\\/\\\/sanchezartista.com\\\/?page_id=204#breadcrumb\",\"itemListElement\":[{\"@type\":\"ListItem\",\"position\":1,\"name\":\"Home\",\"item\":\"http:\\\/\\\/sanchezartista.com\\\/\"},{\"@type\":\"ListItem\",\"position\":2,\"name\":\"Biograf\u00eda\"}]},{\"@type\":\"WebSite\",\"@id\":\"http:\\\/\\\/sanchezartista.com\\\/#website\",\"url\":\"http:\\\/\\\/sanchezartista.com\\\/\",\"name\":\"S\u00e1nchez Artista\",\"description\":\"Artes Pl\u00e1sticas - Exposici\u00f3n y venta\",\"publisher\":{\"@id\":\"http:\\\/\\\/sanchezartista.com\\\/#organization\"},\"potentialAction\":[{\"@type\":\"SearchAction\",\"target\":{\"@type\":\"EntryPoint\",\"urlTemplate\":\"http:\\\/\\\/sanchezartista.com\\\/?s={search_term_string}\"},\"query-input\":{\"@type\":\"PropertyValueSpecification\",\"valueRequired\":true,\"valueName\":\"search_term_string\"}}],\"inLanguage\":\"es\"},{\"@type\":\"Organization\",\"@id\":\"http:\\\/\\\/sanchezartista.com\\\/#organization\",\"name\":\"S\u00e1nchez Artista\",\"url\":\"http:\\\/\\\/sanchezartista.com\\\/\",\"logo\":{\"@type\":\"ImageObject\",\"inLanguage\":\"es\",\"@id\":\"http:\\\/\\\/sanchezartista.com\\\/#\\\/schema\\\/logo\\\/image\\\/\",\"url\":\"http:\\\/\\\/sanchezartista.com\\\/wp-content\\\/uploads\\\/2019\\\/08\\\/logo3-1.png\",\"contentUrl\":\"http:\\\/\\\/sanchezartista.com\\\/wp-content\\\/uploads\\\/2019\\\/08\\\/logo3-1.png\",\"width\":698,\"height\":118,\"caption\":\"S\u00e1nchez Artista\"},\"image\":{\"@id\":\"http:\\\/\\\/sanchezartista.com\\\/#\\\/schema\\\/logo\\\/image\\\/\"}}]}<\/script>\n<!-- \/ Yoast SEO plugin. -->","yoast_head_json":{"title":"Biograf\u00eda - S\u00e1nchez Artista %","description":"A. S\u00e1nchez Pe\u00f1alba, naci\u00f3 en Valencia, el d\u00eda 7 de agosto de 1.941, en el barrio de Ruzafa. Es hijo de Angel S\u00e1nchez Mart\u00ednez natural de Molina del Segura (Murcia) y de Pr\u00e1xedes Pe\u00f1alba Garc\u00eda nacida en la Font de la Figuera (Valencia).","robots":{"index":"index","follow":"follow","max-snippet":"max-snippet:-1","max-image-preview":"max-image-preview:large","max-video-preview":"max-video-preview:-1"},"canonical":"http:\/\/sanchezartista.com\/?page_id=204","og_locale":"es_ES","og_type":"article","og_title":"Biograf\u00eda - S\u00e1nchez Artista %","og_description":"A. S\u00e1nchez Pe\u00f1alba, naci\u00f3 en Valencia, el d\u00eda 7 de agosto de 1.941, en el barrio de Ruzafa. Es hijo de Angel S\u00e1nchez Mart\u00ednez natural de Molina del Segura (Murcia) y de Pr\u00e1xedes Pe\u00f1alba Garc\u00eda nacida en la Font de la Figuera (Valencia).","og_url":"http:\/\/sanchezartista.com\/?page_id=204","og_site_name":"S\u00e1nchez Artista","article_modified_time":"2019-08-17T20:52:07+00:00","og_image":[{"url":"http:\/\/sanchezartista.com\/wp-content\/uploads\/2019\/08\/Angel-con-cuadro-p-1.jpg","type":"","width":"","height":""}],"twitter_card":"summary_large_image","twitter_misc":{"Tiempo de lectura":"3 minutos"},"schema":{"@context":"https:\/\/schema.org","@graph":[{"@type":"WebPage","@id":"http:\/\/sanchezartista.com\/?page_id=204","url":"http:\/\/sanchezartista.com\/?page_id=204","name":"Biograf\u00eda - S\u00e1nchez Artista %","isPartOf":{"@id":"http:\/\/sanchezartista.com\/#website"},"primaryImageOfPage":{"@id":"http:\/\/sanchezartista.com\/?page_id=204#primaryimage"},"image":{"@id":"http:\/\/sanchezartista.com\/?page_id=204#primaryimage"},"thumbnailUrl":"http:\/\/sanchezartista.com\/wp-content\/uploads\/2019\/08\/Angel-con-cuadro-p-1.jpg","datePublished":"2019-08-16T16:37:11+00:00","dateModified":"2019-08-17T20:52:07+00:00","description":"A. S\u00e1nchez Pe\u00f1alba, naci\u00f3 en Valencia, el d\u00eda 7 de agosto de 1.941, en el barrio de Ruzafa. Es hijo de Angel S\u00e1nchez Mart\u00ednez natural de Molina del Segura (Murcia) y de Pr\u00e1xedes Pe\u00f1alba Garc\u00eda nacida en la Font de la Figuera (Valencia).","breadcrumb":{"@id":"http:\/\/sanchezartista.com\/?page_id=204#breadcrumb"},"inLanguage":"es","potentialAction":[{"@type":"ReadAction","target":["http:\/\/sanchezartista.com\/?page_id=204"]}]},{"@type":"ImageObject","inLanguage":"es","@id":"http:\/\/sanchezartista.com\/?page_id=204#primaryimage","url":"http:\/\/sanchezartista.com\/wp-content\/uploads\/2019\/08\/Angel-con-cuadro-p-1.jpg","contentUrl":"http:\/\/sanchezartista.com\/wp-content\/uploads\/2019\/08\/Angel-con-cuadro-p-1.jpg","width":500,"height":633},{"@type":"BreadcrumbList","@id":"http:\/\/sanchezartista.com\/?page_id=204#breadcrumb","itemListElement":[{"@type":"ListItem","position":1,"name":"Home","item":"http:\/\/sanchezartista.com\/"},{"@type":"ListItem","position":2,"name":"Biograf\u00eda"}]},{"@type":"WebSite","@id":"http:\/\/sanchezartista.com\/#website","url":"http:\/\/sanchezartista.com\/","name":"S\u00e1nchez Artista","description":"Artes Pl\u00e1sticas - Exposici\u00f3n y venta","publisher":{"@id":"http:\/\/sanchezartista.com\/#organization"},"potentialAction":[{"@type":"SearchAction","target":{"@type":"EntryPoint","urlTemplate":"http:\/\/sanchezartista.com\/?s={search_term_string}"},"query-input":{"@type":"PropertyValueSpecification","valueRequired":true,"valueName":"search_term_string"}}],"inLanguage":"es"},{"@type":"Organization","@id":"http:\/\/sanchezartista.com\/#organization","name":"S\u00e1nchez Artista","url":"http:\/\/sanchezartista.com\/","logo":{"@type":"ImageObject","inLanguage":"es","@id":"http:\/\/sanchezartista.com\/#\/schema\/logo\/image\/","url":"http:\/\/sanchezartista.com\/wp-content\/uploads\/2019\/08\/logo3-1.png","contentUrl":"http:\/\/sanchezartista.com\/wp-content\/uploads\/2019\/08\/logo3-1.png","width":698,"height":118,"caption":"S\u00e1nchez Artista"},"image":{"@id":"http:\/\/sanchezartista.com\/#\/schema\/logo\/image\/"}}]}},"_links":{"self":[{"href":"http:\/\/sanchezartista.com\/index.php?rest_route=\/wp\/v2\/pages\/204","targetHints":{"allow":["GET"]}}],"collection":[{"href":"http:\/\/sanchezartista.com\/index.php?rest_route=\/wp\/v2\/pages"}],"about":[{"href":"http:\/\/sanchezartista.com\/index.php?rest_route=\/wp\/v2\/types\/page"}],"author":[{"embeddable":true,"href":"http:\/\/sanchezartista.com\/index.php?rest_route=\/wp\/v2\/users\/1"}],"replies":[{"embeddable":true,"href":"http:\/\/sanchezartista.com\/index.php?rest_route=%2Fwp%2Fv2%2Fcomments&post=204"}],"version-history":[{"count":4,"href":"http:\/\/sanchezartista.com\/index.php?rest_route=\/wp\/v2\/pages\/204\/revisions"}],"predecessor-version":[{"id":261,"href":"http:\/\/sanchezartista.com\/index.php?rest_route=\/wp\/v2\/pages\/204\/revisions\/261"}],"wp:attachment":[{"href":"http:\/\/sanchezartista.com\/index.php?rest_route=%2Fwp%2Fv2%2Fmedia&parent=204"}],"curies":[{"name":"wp","href":"https:\/\/api.w.org\/{rel}","templated":true}]}}